{"id":2937,"date":"2023-10-03T09:08:33","date_gmt":"2023-10-03T07:08:33","guid":{"rendered":"https:\/\/aflocatiemeertalig.opzet-website.nl\/7-tagespass\/"},"modified":"2024-09-30T10:43:15","modified_gmt":"2024-09-30T08:43:15","slug":"7-tagespass","status":"publish","type":"page","link":"https:\/\/afmill.opzet-website.nl\/de\/ernennung\/7-tagespass\/","title":{"rendered":"7-tagespass"},"content":{"rendered":"<p>[et_pb_section fb_built=&#8220;1&#8243; module_id=&#8220;7-dagenpas&#8220; module_class=&#8220; background-overlay background-overlay-dark background-overlay-right&#8220; _builder_version=&#8220;4.25.1&#8243; _module_preset=&#8220;_initial&#8220; custom_padding=&#8220;0px||0px||false|false&#8220; locked=&#8220;off&#8220; global_colors_info=&#8220;{}&#8220;][et_pb_row column_structure=&#8220;2_5,3_5&#8243; custom_padding_last_edited=&#8220;on|phone&#8220; module_class=&#8220;vertical-align kls-theme-row-90&#8243; _builder_version=&#8220;4.25.1&#8243; _module_preset=&#8220;_initial&#8220; width=&#8220;90%&#8220; max_width=&#8220;1600px&#8220; custom_padding=&#8220;55px||55px||false|false&#8220; custom_padding_tablet=&#8220;55px||55px||false|false&#8220; custom_padding_phone=&#8220;30px||30px||false|false&#8220; locked=&#8220;off&#8220; global_colors_info=&#8220;{}&#8220;][et_pb_column type=&#8220;2_5&#8243; _builder_version=&#8220;4.25.1&#8243; _module_preset=&#8220;default&#8220; global_colors_info=&#8220;{}&#8220;][et_pb_divider color=&#8220;RGBA(255,255,255,0)&#8220; divider_weight=&#8220;0px&#8220; _builder_version=&#8220;4.27.0&#8243; _module_preset=&#8220;default&#8220; use_background_color_gradient=&#8220;on&#8220; background_color_gradient_direction=&#8220;90deg&#8220; background_color_gradient_stops=&#8220;#12d6df 0%|#f70fff 100%&#8220; max_width=&#8220;100px&#8220; max_width_tablet=&#8220;100px&#8220; max_width_phone=&#8220;70px&#8220; max_width_last_edited=&#8220;on|phone&#8220; height=&#8220;18px&#8220; height_tablet=&#8220;18px&#8220; height_phone=&#8220;13px&#8220; height_last_edited=&#8220;on|phone&#8220; custom_margin=&#8220;||30px||false|false&#8220; animation_direction=&#8220;top&#8220; hover_enabled=&#8220;0&#8243; border_radii=&#8220;on|100px|100px|100px|100px&#8220; global_colors_info=&#8220;{}&#8220; sticky_enabled=&#8220;0&#8243;][\/et_pb_divider][et_pb_text _builder_version=&#8220;4.27.0&#8243; _module_preset=&#8220;_initial&#8220; text_font_size=&#8220;20px&#8220; text_line_height=&#8220;1.3em&#8220; header_font=&#8220;|800||on|||||&#8220; header_font_size=&#8220;65px&#8220; header_2_font=&#8220;|800||on|||||&#8220; header_2_font_size=&#8220;50px&#8220; max_width=&#8220;620px&#8220; animation_direction=&#8220;left&#8220; text_font_size_tablet=&#8220;18px&#8220; text_font_size_phone=&#8220;16px&#8220; text_font_size_last_edited=&#8220;on|desktop&#8220; header_font_size_tablet=&#8220;50px&#8220; header_font_size_phone=&#8220;35px&#8220; header_font_size_last_edited=&#8220;on|phone&#8220; header_2_font_size_tablet=&#8220;35px&#8220; header_2_font_size_phone=&#8220;30px&#8220; header_2_font_size_last_edited=&#8220;on|phone&#8220; global_colors_info=&#8220;{}&#8220;]<\/p>\n<h2>TESTEN SIE ANYTIME FITNESS 7 TAGE LANG <span style=\"color: #6444bb;\">KOSTENLOS UND UNVERBINDLICH!<\/span><\/h2>\n<p>M\u00f6chten Sie wissen, ob Anytime Fitness das Richtige f\u00fcr Sie ist? Dann kommen Sie und probieren Sie es aus! Mit dem kostenlosen 7-Tage-Pass k\u00f6nnen Sie eine Woche lang ganz unverbindlich erleben, wie es ist, bei uns zu trainieren. Wir erkl\u00e4ren Ihnen gerne, wie es funktioniert. Vereinbaren Sie selbst einen Termin oder lassen Sie sich von unseren Trainern kontaktieren.<\/p>\n<p>[\/et_pb_text][\/et_pb_column][et_pb_column type=&#8220;3_5&#8243; _builder_version=&#8220;4.25.1&#8243; _module_preset=&#8220;default&#8220; custom_padding=&#8220;10px||55px||false|false&#8220; custom_padding_tablet=&#8220;55px||0px||false|false&#8220; custom_padding_phone=&#8220;55px||0px||false|false&#8220; custom_padding_last_edited=&#8220;on|phone&#8220; global_colors_info=&#8220;{}&#8220;][et_pb_code _builder_version=&#8220;4.27.0&#8243; _module_preset=&#8220;default&#8220; background_enable_color=&#8220;off&#8220; custom_padding_tablet=&#8220;50px|50px|50px|50px|false|false&#8220; custom_padding_phone=&#8220;20px|20px|20px|20px|false|false&#8220; custom_padding_last_edited=&#8220;off|desktop&#8220; global_colors_info=&#8220;{}&#8220;]<pee><iframe loading=\"lazy\" rel=\"preload\" src=\"https:\/\/afspraken.afbenelux.nl\/?club=96b12a1b-db6f-424f-91f0-b0b6ad05678f&type=7-day-pass&referral=https:\/\/afmill.opzet-website.nl\/de\/wp-json\/wp\/v2\/pages\/2937\" class=\"anytime-afspraken-module\" data-skip-lazy width=\"100%\" height=\"700\"><\/iframe><style>.afspraken_module_text{display: block;} .afspraken_form_text{display:none;}<\/style><\/pee>[\/et_pb_code][\/et_pb_column][\/et_pb_row][\/et_pb_section][et_pb_section fb_built=&#8220;1&#8243; admin_label=&#8220;Social media&#8220; _builder_version=&#8220;4.21.0&#8243; _module_preset=&#8220;default&#8220; background_color=&#8220;#440099&#8243; custom_padding=&#8220;15px||15px||true|false&#8220; saved_tabs=&#8220;all&#8220; collapsed=&#8220;off&#8220; global_colors_info=&#8220;{}&#8220;][et_pb_row custom_padding_last_edited=&#8220;on|phone&#8220; _builder_version=&#8220;4.21.0&#8243; _module_preset=&#8220;default&#8220; width=&#8220;90%&#8220; max_width=&#8220;1600px&#8220; custom_padding=&#8220;0px|10px|0px|10px|false|false&#8220; custom_padding_tablet=&#8220;|8vw||8vw|false|false&#8220; custom_padding_phone=&#8220;&#8220; global_colors_info=&#8220;{}&#8220;][et_pb_column type=&#8220;4_4&#8243; _builder_version=&#8220;4.21.0&#8243; _module_preset=&#8220;default&#8220; global_colors_info=&#8220;{}&#8220;][et_pb_text _builder_version=&#8220;4.27.0&#8243; _module_preset=&#8220;default&#8220; text_font=&#8220;|700||on|||||&#8220; text_text_color=&#8220;#FFFFFF&#8220; text_font_size=&#8220;26px&#8220; header_6_font=&#8220;|700||on|||||&#8220; header_6_text_align=&#8220;center&#8220; header_6_text_color=&#8220;#ffffff&#8220; header_6_font_size=&#8220;24px&#8220; text_orientation=&#8220;center&#8220; animation_direction=&#8220;top&#8220; hover_enabled=&#8220;0&#8243; header_6_font_size_tablet=&#8220;22px&#8220; header_6_font_size_phone=&#8220;17px&#8220; header_6_font_size_last_edited=&#8220;on|tablet&#8220; header_6_line_height_tablet=&#8220;1.7em&#8220; header_6_line_height_phone=&#8220;&#8220; header_6_line_height_last_edited=&#8220;on|desktop&#8220; global_colors_info=&#8220;{}&#8220; sticky_enabled=&#8220;0&#8243;]<\/p>\n<h6>M\u00d6CHTEN SIE ERFAHREN, WAS IM CLUB VOR SICH GEHT? SCHAUEN SIE SICH DANN UNSERE SOCIALS AN! <div class=\"kls-social-icons\">\n        <a href=\"https:\/\/www.facebook.com\/share\/1BdW87aiZh\/?mibextid=wwXIfr\" target=\"_blank\" rel=\"noopener\" style=\"margin-right: 10px!important;color:#ffffff!important;font-size:1!important\" class=\"facebook-icon\"><i class=\"fab fa-facebook-f\"><\/i> <\/a>\n        \n        <a href=\"https:\/\/www.instagram.com\/anytimefitness_mill\/\" target=\"_blank\" rel=\"noopener\" style=\"margin-right: 10px!important;color:#ffffff!important;font-size:1!important\" class=\"instagram-icon\"><i class=\"fab fa-instagram\"><\/i> <\/a>\n        \n        \n        \n        \n        \n    <\/div><\/h6>\n<p>[\/et_pb_text][\/et_pb_column][\/et_pb_row][\/et_pb_section]<\/p>\n","protected":false},"excerpt":{"rendered":"<p>TESTEN SIE ANYTIME FITNESS 7 TAGE LANG KOSTENLOS UND&#8230;<\/p>\n","protected":false},"author":4,"featured_media":0,"parent":4562,"menu_order":0,"comment_status":"closed","ping_status":"closed","template":"","meta":{"_et_pb_use_builder":"on","_et_pb_old_content":"","_et_gb_content_width":"","footnotes":""},"categories":[],"class_list":["post-2937","page","type-page","status-publish","hentry"],"yoast_head":"<!-- This site is optimized with the Yoast SEO plugin v27.3 - https:\/\/yoast.com\/product\/yoast-seo-wordpress\/ -->\n<title>Beginnen Sie mit einem kostenlosen 7-Tage-Pass! | Anytime Fitness Mill<\/title>\n<meta name=\"description\" content=\"Anytime Fitness Mill 7 Tage kostenlose Testversion? Fordern Sie jetzt einen kostenlosen 7-Tages-Pass an! | Anytime Fitness Mill\" \/>\n<meta name=\"robots\" content=\"noindex, follow, max-snippet:-1, max-image-preview:large, max-video-preview:-1\" \/>\n<meta property=\"og:locale\" content=\"de_DE\" \/>\n<meta property=\"og:type\" content=\"article\" \/>\n<meta property=\"og:title\" content=\"Beginnen Sie mit einem kostenlosen 7-Tage-Pass! | Anytime Fitness Mill\" \/>\n<meta property=\"og:description\" content=\"Anytime Fitness Mill 7 Tage kostenlose Testversion? Fordern Sie jetzt einen kostenlosen 7-Tages-Pass an! | Anytime Fitness Mill\" \/>\n<meta property=\"og:url\" content=\"https:\/\/afmill.opzet-website.nl\/gratis-7-dagenpas\/\" \/>\n<meta property=\"og:site_name\" content=\"Anytime Fitness Mill\" \/>\n<meta property=\"article:publisher\" content=\"https:\/\/www.facebook.com\/share\/1BdW87aiZh\/?mibextid=wwXIfr\" \/>\n<meta property=\"article:modified_time\" content=\"2024-09-30T08:43:15+00:00\" \/>\n<meta property=\"og:image\" content=\"https:\/\/afmill.opzet-website.nl\/wp-content\/uploads\/2025\/08\/imgi_20_AF-Mill-sfeerfoto-7-500x333-1.jpg\" \/>\n\t<meta property=\"og:image:width\" content=\"500\" \/>\n\t<meta property=\"og:image:height\" content=\"333\" \/>\n\t<meta property=\"og:image:type\" content=\"image\/jpeg\" \/>\n<meta name=\"twitter:card\" content=\"summary_large_image\" \/>\n<meta name=\"twitter:label1\" content=\"Gesch\u00e4tzte Lesezeit\" \/>\n\t<meta name=\"twitter:data1\" content=\"3\u00a0Minuten\" \/>\n<script type=\"application\/ld+json\" class=\"yoast-schema-graph\">{\"@context\":\"https:\\\/\\\/schema.org\",\"@graph\":[{\"@type\":\"WebPage\",\"@id\":\"https:\\\/\\\/afmill.opzet-website.nl\\\/gratis-7-dagenpas\\\/\",\"url\":\"https:\\\/\\\/afmill.opzet-website.nl\\\/gratis-7-dagenpas\\\/\",\"name\":\"Beginnen Sie mit einem kostenlosen 7-Tage-Pass! | Anytime Fitness Mill\",\"isPartOf\":{\"@id\":\"https:\\\/\\\/afmill.opzet-website.nl\\\/#website\"},\"datePublished\":\"2023-10-03T07:08:33+00:00\",\"dateModified\":\"2024-09-30T08:43:15+00:00\",\"description\":\"Anytime Fitness Mill 7 Tage kostenlose Testversion? Fordern Sie jetzt einen kostenlosen 7-Tages-Pass an! | Anytime Fitness Mill\",\"breadcrumb\":{\"@id\":\"https:\\\/\\\/afmill.opzet-website.nl\\\/gratis-7-dagenpas\\\/#breadcrumb\"},\"inLanguage\":\"de\",\"potentialAction\":[{\"@type\":\"ReadAction\",\"target\":[\"https:\\\/\\\/afmill.opzet-website.nl\\\/gratis-7-dagenpas\\\/\"]}]},{\"@type\":\"BreadcrumbList\",\"@id\":\"https:\\\/\\\/afmill.opzet-website.nl\\\/gratis-7-dagenpas\\\/#breadcrumb\",\"itemListElement\":[{\"@type\":\"ListItem\",\"position\":1,\"name\":\"Home\",\"item\":\"https:\\\/\\\/afmill.opzet-website.nl\\\/\"},{\"@type\":\"ListItem\",\"position\":2,\"name\":\"KOSTENLOSER 7-TAGESPASS\"}]},{\"@type\":\"WebSite\",\"@id\":\"https:\\\/\\\/afmill.opzet-website.nl\\\/#website\",\"url\":\"https:\\\/\\\/afmill.opzet-website.nl\\\/\",\"name\":\"Anytime Fitness Mill\",\"description\":\"Let&#039;s make healthy happen!\",\"publisher\":{\"@id\":\"https:\\\/\\\/afmill.opzet-website.nl\\\/#organization\"},\"potentialAction\":[{\"@type\":\"SearchAction\",\"target\":{\"@type\":\"EntryPoint\",\"urlTemplate\":\"https:\\\/\\\/afmill.opzet-website.nl\\\/?s={search_term_string}\"},\"query-input\":{\"@type\":\"PropertyValueSpecification\",\"valueRequired\":true,\"valueName\":\"search_term_string\"}}],\"inLanguage\":\"de\"},{\"@type\":\"Organization\",\"@id\":\"https:\\\/\\\/afmill.opzet-website.nl\\\/#organization\",\"name\":\"Anytime Fitness Mill\",\"url\":\"https:\\\/\\\/afmill.opzet-website.nl\\\/\",\"logo\":{\"@type\":\"ImageObject\",\"inLanguage\":\"de\",\"@id\":\"https:\\\/\\\/afmill.opzet-website.nl\\\/#\\\/schema\\\/logo\\\/image\\\/\",\"url\":\"https:\\\/\\\/afmill.opzet-website.nl\\\/wp-content\\\/uploads\\\/2022\\\/01\\\/AnytimeFitness_Primary_RGB.png\",\"contentUrl\":\"https:\\\/\\\/afmill.opzet-website.nl\\\/wp-content\\\/uploads\\\/2022\\\/01\\\/AnytimeFitness_Primary_RGB.png\",\"width\":2282,\"height\":607,\"caption\":\"Anytime Fitness Mill\"},\"image\":{\"@id\":\"https:\\\/\\\/afmill.opzet-website.nl\\\/#\\\/schema\\\/logo\\\/image\\\/\"},\"sameAs\":[\"https:\\\/\\\/www.facebook.com\\\/share\\\/1BdW87aiZh\\\/?mibextid=wwXIfr\",\"https:\\\/\\\/www.instagram.com\\\/anytimefitness_mill\\\/\"]}]}<\/script>\n<!-- \/ Yoast SEO plugin. -->","yoast_head_json":{"title":"Beginnen Sie mit einem kostenlosen 7-Tage-Pass! | Anytime Fitness Mill","description":"Anytime Fitness Mill 7 Tage kostenlose Testversion? Fordern Sie jetzt einen kostenlosen 7-Tages-Pass an! | Anytime Fitness Mill","robots":{"index":"noindex","follow":"follow","max-snippet":"max-snippet:-1","max-image-preview":"max-image-preview:large","max-video-preview":"max-video-preview:-1"},"og_locale":"de_DE","og_type":"article","og_title":"Beginnen Sie mit einem kostenlosen 7-Tage-Pass! | Anytime Fitness Mill","og_description":"Anytime Fitness Mill 7 Tage kostenlose Testversion? Fordern Sie jetzt einen kostenlosen 7-Tages-Pass an! | Anytime Fitness Mill","og_url":"https:\/\/afmill.opzet-website.nl\/gratis-7-dagenpas\/","og_site_name":"Anytime Fitness Mill","article_publisher":"https:\/\/www.facebook.com\/share\/1BdW87aiZh\/?mibextid=wwXIfr","article_modified_time":"2024-09-30T08:43:15+00:00","og_image":[{"width":500,"height":333,"url":"https:\/\/afmill.opzet-website.nl\/wp-content\/uploads\/2025\/08\/imgi_20_AF-Mill-sfeerfoto-7-500x333-1.jpg","type":"image\/jpeg"}],"twitter_card":"summary_large_image","twitter_misc":{"Gesch\u00e4tzte Lesezeit":"3\u00a0Minuten"},"schema":{"@context":"https:\/\/schema.org","@graph":[{"@type":"WebPage","@id":"https:\/\/afmill.opzet-website.nl\/gratis-7-dagenpas\/","url":"https:\/\/afmill.opzet-website.nl\/gratis-7-dagenpas\/","name":"Beginnen Sie mit einem kostenlosen 7-Tage-Pass! | Anytime Fitness Mill","isPartOf":{"@id":"https:\/\/afmill.opzet-website.nl\/#website"},"datePublished":"2023-10-03T07:08:33+00:00","dateModified":"2024-09-30T08:43:15+00:00","description":"Anytime Fitness Mill 7 Tage kostenlose Testversion? Fordern Sie jetzt einen kostenlosen 7-Tages-Pass an! | Anytime Fitness Mill","breadcrumb":{"@id":"https:\/\/afmill.opzet-website.nl\/gratis-7-dagenpas\/#breadcrumb"},"inLanguage":"de","potentialAction":[{"@type":"ReadAction","target":["https:\/\/afmill.opzet-website.nl\/gratis-7-dagenpas\/"]}]},{"@type":"BreadcrumbList","@id":"https:\/\/afmill.opzet-website.nl\/gratis-7-dagenpas\/#breadcrumb","itemListElement":[{"@type":"ListItem","position":1,"name":"Home","item":"https:\/\/afmill.opzet-website.nl\/"},{"@type":"ListItem","position":2,"name":"KOSTENLOSER 7-TAGESPASS"}]},{"@type":"WebSite","@id":"https:\/\/afmill.opzet-website.nl\/#website","url":"https:\/\/afmill.opzet-website.nl\/","name":"Anytime Fitness Mill","description":"Let&#039;s make healthy happen!","publisher":{"@id":"https:\/\/afmill.opzet-website.nl\/#organization"},"potentialAction":[{"@type":"SearchAction","target":{"@type":"EntryPoint","urlTemplate":"https:\/\/afmill.opzet-website.nl\/?s={search_term_string}"},"query-input":{"@type":"PropertyValueSpecification","valueRequired":true,"valueName":"search_term_string"}}],"inLanguage":"de"},{"@type":"Organization","@id":"https:\/\/afmill.opzet-website.nl\/#organization","name":"Anytime Fitness Mill","url":"https:\/\/afmill.opzet-website.nl\/","logo":{"@type":"ImageObject","inLanguage":"de","@id":"https:\/\/afmill.opzet-website.nl\/#\/schema\/logo\/image\/","url":"https:\/\/afmill.opzet-website.nl\/wp-content\/uploads\/2022\/01\/AnytimeFitness_Primary_RGB.png","contentUrl":"https:\/\/afmill.opzet-website.nl\/wp-content\/uploads\/2022\/01\/AnytimeFitness_Primary_RGB.png","width":2282,"height":607,"caption":"Anytime Fitness Mill"},"image":{"@id":"https:\/\/afmill.opzet-website.nl\/#\/schema\/logo\/image\/"},"sameAs":["https:\/\/www.facebook.com\/share\/1BdW87aiZh\/?mibextid=wwXIfr","https:\/\/www.instagram.com\/anytimefitness_mill\/"]}]}},"_links":{"self":[{"href":"https:\/\/afmill.opzet-website.nl\/de\/wp-json\/wp\/v2\/pages\/2937","targetHints":{"allow":["GET"]}}],"collection":[{"href":"https:\/\/afmill.opzet-website.nl\/de\/wp-json\/wp\/v2\/pages"}],"about":[{"href":"https:\/\/afmill.opzet-website.nl\/de\/wp-json\/wp\/v2\/types\/page"}],"author":[{"embeddable":true,"href":"https:\/\/afmill.opzet-website.nl\/de\/wp-json\/wp\/v2\/users\/4"}],"replies":[{"embeddable":true,"href":"https:\/\/afmill.opzet-website.nl\/de\/wp-json\/wp\/v2\/comments?post=2937"}],"version-history":[{"count":6,"href":"https:\/\/afmill.opzet-website.nl\/de\/wp-json\/wp\/v2\/pages\/2937\/revisions"}],"predecessor-version":[{"id":4565,"href":"https:\/\/afmill.opzet-website.nl\/de\/wp-json\/wp\/v2\/pages\/2937\/revisions\/4565"}],"up":[{"embeddable":true,"href":"https:\/\/afmill.opzet-website.nl\/de\/wp-json\/wp\/v2\/pages\/4562"}],"wp:attachment":[{"href":"https:\/\/afmill.opzet-website.nl\/de\/wp-json\/wp\/v2\/media?parent=2937"}],"wp:term":[{"taxonomy":"category","embeddable":true,"href":"https:\/\/afmill.opzet-website.nl\/de\/wp-json\/wp\/v2\/categories?post=2937"}],"curies":[{"name":"wp","href":"https:\/\/api.w.org\/{rel}","templated":true}]}}